{"id":913,"date":"2024-09-19T11:04:35","date_gmt":"2024-09-19T11:04:35","guid":{"rendered":"https:\/\/olis-shop.com\/?page_id=913"},"modified":"2024-10-10T17:57:24","modified_gmt":"2024-10-10T17:57:24","slug":"pago","status":"publish","type":"page","link":"https:\/\/olis-shop.com\/en\/pago\/","title":{"rendered":"Pay"},"content":{"rendered":"<p>We accept the following payment methods:<\/p>\n<ul>\n<li><strong>Credit and debit cards (Visa and MasterCard)<\/strong><\/li>\n<li><strong>PayPal<\/strong><\/li>\n<li><strong>Direct bank transfer<\/strong><\/li>\n<\/ul>\n<p>All payments are processed securely and securely to ensure the protection of your data.<\/p>","protected":false},"excerpt":{"rendered":"<p>Aceptamos los siguientes m\u00e9todos de pago: Tarjetas de cr\u00e9dito y d\u00e9bito (Visa y MasterCard) PayPal Transferencia bancaria directa Todos los<\/p>","protected":false},"author":1,"featured_media":0,"parent":0,"menu_order":0,"comment_status":"closed","ping_status":"closed","template":"","meta":{"footnotes":""},"class_list":["post-913","page","type-page","status-publish","hentry"],"_links":{"self":[{"href":"https:\/\/olis-shop.com\/en\/wp-json\/wp\/v2\/pages\/913","targetHints":{"allow":["GET"]}}],"collection":[{"href":"https:\/\/olis-shop.com\/en\/wp-json\/wp\/v2\/pages"}],"about":[{"href":"https:\/\/olis-shop.com\/en\/wp-json\/wp\/v2\/types\/page"}],"author":[{"embeddable":true,"href":"https:\/\/olis-shop.com\/en\/wp-json\/wp\/v2\/users\/1"}],"replies":[{"embeddable":true,"href":"https:\/\/olis-shop.com\/en\/wp-json\/wp\/v2\/comments?post=913"}],"version-history":[{"count":4,"href":"https:\/\/olis-shop.com\/en\/wp-json\/wp\/v2\/pages\/913\/revisions"}],"predecessor-version":[{"id":1485,"href":"https:\/\/olis-shop.com\/en\/wp-json\/wp\/v2\/pages\/913\/revisions\/1485"}],"wp:attachment":[{"href":"https:\/\/olis-shop.com\/en\/wp-json\/wp\/v2\/media?parent=913"}],"curies":[{"name":"wp","href":"https:\/\/api.w.org\/{rel}","templated":true}]}}