{"id":910,"date":"2024-09-19T11:03:03","date_gmt":"2024-09-19T11:03:03","guid":{"rendered":"https:\/\/olis-shop.com\/?page_id=910"},"modified":"2024-10-10T17:57:19","modified_gmt":"2024-10-10T17:57:19","slug":"envio","status":"publish","type":"page","link":"https:\/\/olis-shop.com\/en\/envio\/","title":{"rendered":"Shipment"},"content":{"rendered":"<p>We offer shipping to all of Spain with the following options:<\/p>\n<ul>\n<li><strong>Standard Shipping<\/strong>: Receive your order in 3 to 5 business days.<\/li>\n<li><strong>Express shipping<\/strong>: Delivery in 1 to 2 business days.<\/li>\n<\/ul>\n<p>Shipping costs are automatically calculated at checkout, and we&#039;ll provide you with a tracking number so you can check the status of your order at any time.<\/p>","protected":false},"excerpt":{"rendered":"<p>Ofrecemos env\u00edo a toda Espa\u00f1a con las siguientes opciones: Env\u00edo est\u00e1ndar: Recibe tu pedido en 3 a 5 d\u00edas h\u00e1biles.<\/p>","protected":false},"author":1,"featured_media":0,"parent":0,"menu_order":0,"comment_status":"closed","ping_status":"closed","template":"","meta":{"footnotes":""},"class_list":["post-910","page","type-page","status-publish","hentry"],"_links":{"self":[{"href":"https:\/\/olis-shop.com\/en\/wp-json\/wp\/v2\/pages\/910","targetHints":{"allow":["GET"]}}],"collection":[{"href":"https:\/\/olis-shop.com\/en\/wp-json\/wp\/v2\/pages"}],"about":[{"href":"https:\/\/olis-shop.com\/en\/wp-json\/wp\/v2\/types\/page"}],"author":[{"embeddable":true,"href":"https:\/\/olis-shop.com\/en\/wp-json\/wp\/v2\/users\/1"}],"replies":[{"embeddable":true,"href":"https:\/\/olis-shop.com\/en\/wp-json\/wp\/v2\/comments?post=910"}],"version-history":[{"count":5,"href":"https:\/\/olis-shop.com\/en\/wp-json\/wp\/v2\/pages\/910\/revisions"}],"predecessor-version":[{"id":1487,"href":"https:\/\/olis-shop.com\/en\/wp-json\/wp\/v2\/pages\/910\/revisions\/1487"}],"wp:attachment":[{"href":"https:\/\/olis-shop.com\/en\/wp-json\/wp\/v2\/media?parent=910"}],"curies":[{"name":"wp","href":"https:\/\/api.w.org\/{rel}","templated":true}]}}