{"id":12,"date":"2024-09-19T11:04:00","date_gmt":"2024-09-19T11:04:00","guid":{"rendered":"https:\/\/olis-shop.com\/?page_id=12"},"modified":"2024-10-10T17:57:18","modified_gmt":"2024-10-10T17:57:18","slug":"devoluciones","status":"publish","type":"page","link":"https:\/\/olis-shop.com\/en\/devoluciones\/","title":{"rendered":"Returns"},"content":{"rendered":"<p>We want you to be completely satisfied with your purchase. If for any reason you are not happy with your order, we offer a return policy within the first 14 days after receipt of the product. The item must be unopened and in its original packaging. For more details or to initiate a return, contact us at <a href=\"mailto:info@olis-shop.com\"><strong>info@olis-shop.com<\/strong><\/a>.<\/p>","protected":false},"excerpt":{"rendered":"<p>Queremos que est\u00e9s completamente satisfecho con tu compra. Si por alguna raz\u00f3n no est\u00e1s contento con tu pedido, ofrecemos una<\/p>","protected":false},"author":1,"featured_media":0,"parent":0,"menu_order":0,"comment_status":"closed","ping_status":"closed","template":"","meta":{"footnotes":""},"class_list":["post-12","page","type-page","status-publish","hentry"],"_links":{"self":[{"href":"https:\/\/olis-shop.com\/en\/wp-json\/wp\/v2\/pages\/12","targetHints":{"allow":["GET"]}}],"collection":[{"href":"https:\/\/olis-shop.com\/en\/wp-json\/wp\/v2\/pages"}],"about":[{"href":"https:\/\/olis-shop.com\/en\/wp-json\/wp\/v2\/types\/page"}],"author":[{"embeddable":true,"href":"https:\/\/olis-shop.com\/en\/wp-json\/wp\/v2\/users\/1"}],"replies":[{"embeddable":true,"href":"https:\/\/olis-shop.com\/en\/wp-json\/wp\/v2\/comments?post=12"}],"version-history":[{"count":5,"href":"https:\/\/olis-shop.com\/en\/wp-json\/wp\/v2\/pages\/12\/revisions"}],"predecessor-version":[{"id":1489,"href":"https:\/\/olis-shop.com\/en\/wp-json\/wp\/v2\/pages\/12\/revisions\/1489"}],"wp:attachment":[{"href":"https:\/\/olis-shop.com\/en\/wp-json\/wp\/v2\/media?parent=12"}],"curies":[{"name":"wp","href":"https:\/\/api.w.org\/{rel}","templated":true}]}}